{"id":19505,"date":"2021-01-27T12:52:02","date_gmt":"2021-01-27T11:52:02","guid":{"rendered":"https:\/\/www.omerocollant.com\/?page_id=19505"},"modified":"2024-10-21T09:29:55","modified_gmt":"2024-10-21T08:29:55","slug":"consegna","status":"publish","type":"page","link":"https:\/\/www.omerocollant.com\/en\/consegna\/","title":{"rendered":"Delivery"},"content":{"rendered":"<h2>Delivery<\/h2>\n<p>Deliveries are made in the Italian territory and in the European Union territory.<br \/>P.L.U.S. SRL si impegna a consegnare i prodotti ordinati dal cliente a mezzo Corriere Espresso, all&#8217;indirizzo dallo stesso segnalato in fase di registrazione dei dati dell&#8217;ordine, entro 5 giorni lavorativi dall&#8217;avvenuto pagamento sul territorio italiano, ed entro 10 giorni lavorativi dall&#8217;avvenuto pagamento sul territorio europeo.<\/p>\n<p>Eventuali ritardi nelle consegne non potranno essere imputati, n\u00e9 imputabili, a P.L.U.S. SRL. N\u00e9 in alcun modo potr\u00e0 essere imputato alcunch\u00e9 a P.L.U.S. SRL per danni causati dal Corriere Espresso, in relazione alla ritardata o mancata consegna, intendendo il contratto perfezionato con la consegna del bene al Corriere stesso.<\/p>\n<p>P.L.U.S. SRL si impegna per\u00f2 a raccogliere eventuali segnalazioni di mancata o ritardata consegna dei prodotti a mezzo del servizio clienti appositamente dedicato e, nel caso, ad agire come per legge. Per quanto concerne il trattamento dei prodotti danneggiati durante il trasporto, ogni responsabilit\u00e0 \u00e8 da imputare al Corriere Espresso che ha gestito la consegna. Non si accettano spedizioni presso caselle postali. In caso di mancato ritiro della merce o mancata consegna per evento non imputabile a P.L.U.S. SRL o al Corriere, le spese di spedizione e rientro dei prodotti acquistati sono a carico del cliente. Le spese di trasporto sono a carico del cliente e corrispondono ad una quota fissa per l\u2019Italia e una quota fissa per i Paesi dell\u2019Unione Europea.<\/p>\n<p><b>The missed delivery at the second trial caused by a non presence of anybody in the indicated address will cause an extra debit of euro 8,00 for the redelivery.<\/b><\/p>","protected":false},"excerpt":{"rendered":"<p>Consegna Consegna sul territorio italiano e su tutto il territorio dell\u2019Unione Europea.P.L.U.S. SRL si impegna a consegnare i prodotti ordinati dal cliente a mezzo Corriere Espresso, all&#8217;indirizzo dallo stesso segnalato in fase di registrazione dei dati dell&#8217;ordine, entro 5 giorni lavorativi dall&#8217;avvenuto pagamento sul territorio italiano, ed entro 10 giorni lavorativi dall&#8217;avvenuto pagamento sul territorio [&#8230;]\n","protected":false},"author":1,"featured_media":0,"parent":0,"menu_order":0,"comment_status":"closed","ping_status":"closed","template":"","meta":{"inline_featured_image":false,"footnotes":""},"class_list":["post-19505","page","type-page","status-publish","hentry"],"yoast_head":"<!-- This site is optimized with the Yoast SEO plugin v25.6 - https:\/\/yoast.com\/wordpress\/plugins\/seo\/ -->\n<title>Consegna - Omero Collant<\/title>\n<meta name=\"robots\" content=\"index, follow, max-snippet:-1, max-image-preview:large, max-video-preview:-1\" \/>\n<link rel=\"canonical\" href=\"https:\/\/www.omerocollant.com\/en\/consegna\/\" \/>\n<meta property=\"og:locale\" content=\"en_GB\" \/>\n<meta property=\"og:type\" content=\"article\" \/>\n<meta property=\"og:title\" content=\"Consegna - Omero Collant\" \/>\n<meta property=\"og:description\" content=\"Consegna Consegna sul territorio italiano e su tutto il territorio dell\u2019Unione Europea.P.L.U.S. SRL si impegna a consegnare i prodotti ordinati dal cliente a mezzo Corriere Espresso, all&#8217;indirizzo dallo stesso segnalato in fase di registrazione dei dati dell&#8217;ordine, entro 5 giorni lavorativi dall&#8217;avvenuto pagamento sul territorio italiano, ed entro 10 giorni lavorativi dall&#8217;avvenuto pagamento sul territorio [...]\" \/>\n<meta property=\"og:url\" content=\"https:\/\/www.omerocollant.com\/en\/consegna\/\" \/>\n<meta property=\"og:site_name\" content=\"Omero Collant\" \/>\n<meta property=\"article:modified_time\" content=\"2024-10-21T08:29:55+00:00\" \/>\n<meta name=\"twitter:card\" content=\"summary_large_image\" \/>\n<meta name=\"twitter:label1\" content=\"Estimated reading time\" \/>\n\t<meta name=\"twitter:data1\" content=\"1 minute\" \/>\n<script type=\"application\/ld+json\" class=\"yoast-schema-graph\">{\"@context\":\"https:\/\/schema.org\",\"@graph\":[{\"@type\":\"WebPage\",\"@id\":\"https:\/\/www.omerocollant.com\/consegna\/\",\"url\":\"https:\/\/www.omerocollant.com\/consegna\/\",\"name\":\"Consegna - Omero Collant\",\"isPartOf\":{\"@id\":\"https:\/\/www.omerocollant.com\/#website\"},\"datePublished\":\"2021-01-27T11:52:02+00:00\",\"dateModified\":\"2024-10-21T08:29:55+00:00\",\"breadcrumb\":{\"@id\":\"https:\/\/www.omerocollant.com\/consegna\/#breadcrumb\"},\"inLanguage\":\"en-GB\",\"potentialAction\":[{\"@type\":\"ReadAction\",\"target\":[\"https:\/\/www.omerocollant.com\/consegna\/\"]}]},{\"@type\":\"BreadcrumbList\",\"@id\":\"https:\/\/www.omerocollant.com\/consegna\/#breadcrumb\",\"itemListElement\":[{\"@type\":\"ListItem\",\"position\":1,\"name\":\"Home\",\"item\":\"https:\/\/www.omerocollant.com\/\"},{\"@type\":\"ListItem\",\"position\":2,\"name\":\"Consegna\"}]},{\"@type\":\"WebSite\",\"@id\":\"https:\/\/www.omerocollant.com\/#website\",\"url\":\"https:\/\/www.omerocollant.com\/\",\"name\":\"Omero Collant\",\"description\":\"Calze e intimo per passione\",\"publisher\":{\"@id\":\"https:\/\/www.omerocollant.com\/#organization\"},\"potentialAction\":[{\"@type\":\"SearchAction\",\"target\":{\"@type\":\"EntryPoint\",\"urlTemplate\":\"https:\/\/www.omerocollant.com\/?s={search_term_string}\"},\"query-input\":{\"@type\":\"PropertyValueSpecification\",\"valueRequired\":true,\"valueName\":\"search_term_string\"}}],\"inLanguage\":\"en-GB\"},{\"@type\":\"Organization\",\"@id\":\"https:\/\/www.omerocollant.com\/#organization\",\"name\":\"Omero Collant\",\"url\":\"https:\/\/www.omerocollant.com\/\",\"logo\":{\"@type\":\"ImageObject\",\"inLanguage\":\"en-GB\",\"@id\":\"https:\/\/www.omerocollant.com\/#\/schema\/logo\/image\/\",\"url\":\"https:\/\/www.omerocollant.com\/wp-content\/uploads\/logo-omero.svg\",\"contentUrl\":\"https:\/\/www.omerocollant.com\/wp-content\/uploads\/logo-omero.svg\",\"width\":\"1400\",\"height\":\"800\",\"caption\":\"Omero Collant\"},\"image\":{\"@id\":\"https:\/\/www.omerocollant.com\/#\/schema\/logo\/image\/\"}}]}<\/script>\n<!-- \/ Yoast SEO plugin. -->","yoast_head_json":{"title":"Consegna - Omero Collant","robots":{"index":"index","follow":"follow","max-snippet":"max-snippet:-1","max-image-preview":"max-image-preview:large","max-video-preview":"max-video-preview:-1"},"canonical":"https:\/\/www.omerocollant.com\/en\/consegna\/","og_locale":"en_GB","og_type":"article","og_title":"Consegna - Omero Collant","og_description":"Consegna Consegna sul territorio italiano e su tutto il territorio dell\u2019Unione Europea.P.L.U.S. SRL si impegna a consegnare i prodotti ordinati dal cliente a mezzo Corriere Espresso, all&#8217;indirizzo dallo stesso segnalato in fase di registrazione dei dati dell&#8217;ordine, entro 5 giorni lavorativi dall&#8217;avvenuto pagamento sul territorio italiano, ed entro 10 giorni lavorativi dall&#8217;avvenuto pagamento sul territorio [...]","og_url":"https:\/\/www.omerocollant.com\/en\/consegna\/","og_site_name":"Omero Collant","article_modified_time":"2024-10-21T08:29:55+00:00","twitter_card":"summary_large_image","twitter_misc":{"Estimated reading time":"1 minute"},"schema":{"@context":"https:\/\/schema.org","@graph":[{"@type":"WebPage","@id":"https:\/\/www.omerocollant.com\/consegna\/","url":"https:\/\/www.omerocollant.com\/consegna\/","name":"Consegna - Omero Collant","isPartOf":{"@id":"https:\/\/www.omerocollant.com\/#website"},"datePublished":"2021-01-27T11:52:02+00:00","dateModified":"2024-10-21T08:29:55+00:00","breadcrumb":{"@id":"https:\/\/www.omerocollant.com\/consegna\/#breadcrumb"},"inLanguage":"en-GB","potentialAction":[{"@type":"ReadAction","target":["https:\/\/www.omerocollant.com\/consegna\/"]}]},{"@type":"BreadcrumbList","@id":"https:\/\/www.omerocollant.com\/consegna\/#breadcrumb","itemListElement":[{"@type":"ListItem","position":1,"name":"Home","item":"https:\/\/www.omerocollant.com\/"},{"@type":"ListItem","position":2,"name":"Consegna"}]},{"@type":"WebSite","@id":"https:\/\/www.omerocollant.com\/#website","url":"https:\/\/www.omerocollant.com\/","name":"Omero Collant","description":"HOSIERY AND UNDERWEAR FOR PASSION","publisher":{"@id":"https:\/\/www.omerocollant.com\/#organization"},"potentialAction":[{"@type":"SearchAction","target":{"@type":"EntryPoint","urlTemplate":"https:\/\/www.omerocollant.com\/?s={search_term_string}"},"query-input":{"@type":"PropertyValueSpecification","valueRequired":true,"valueName":"search_term_string"}}],"inLanguage":"en-GB"},{"@type":"Organization","@id":"https:\/\/www.omerocollant.com\/#organization","name":"Omero Collant","url":"https:\/\/www.omerocollant.com\/","logo":{"@type":"ImageObject","inLanguage":"en-GB","@id":"https:\/\/www.omerocollant.com\/#\/schema\/logo\/image\/","url":"https:\/\/www.omerocollant.com\/wp-content\/uploads\/logo-omero.svg","contentUrl":"https:\/\/www.omerocollant.com\/wp-content\/uploads\/logo-omero.svg","width":"1400","height":"800","caption":"Omero Collant"},"image":{"@id":"https:\/\/www.omerocollant.com\/#\/schema\/logo\/image\/"}}]}},"_links":{"self":[{"href":"https:\/\/www.omerocollant.com\/en\/wp-json\/wp\/v2\/pages\/19505"}],"collection":[{"href":"https:\/\/www.omerocollant.com\/en\/wp-json\/wp\/v2\/pages"}],"about":[{"href":"https:\/\/www.omerocollant.com\/en\/wp-json\/wp\/v2\/types\/page"}],"author":[{"embeddable":true,"href":"https:\/\/www.omerocollant.com\/en\/wp-json\/wp\/v2\/users\/1"}],"replies":[{"embeddable":true,"href":"https:\/\/www.omerocollant.com\/en\/wp-json\/wp\/v2\/comments?post=19505"}],"version-history":[{"count":3,"href":"https:\/\/www.omerocollant.com\/en\/wp-json\/wp\/v2\/pages\/19505\/revisions"}],"predecessor-version":[{"id":30997,"href":"https:\/\/www.omerocollant.com\/en\/wp-json\/wp\/v2\/pages\/19505\/revisions\/30997"}],"wp:attachment":[{"href":"https:\/\/www.omerocollant.com\/en\/wp-json\/wp\/v2\/media?parent=19505"}],"curies":[{"name":"wp","href":"https:\/\/api.w.org\/{rel}","templated":true}]}}